{"id":122,"date":"2015-10-09T16:17:48","date_gmt":"2015-10-09T16:17:48","guid":{"rendered":"http:\/\/broker.commercegurus.com\/?page_id=122"},"modified":"2026-03-14T23:02:45","modified_gmt":"2026-03-14T23:02:45","slug":"gazli","status":"publish","type":"page","link":"https:\/\/spkendustriyel.com\/?page_id=122","title":{"rendered":"Gazl\u0131 S\u00f6nd\u00fcrme Sistemleri"},"content":{"rendered":"<h2>Gazl\u0131 S\u00f6nd\u00fcrme Sistemleri<\/h2>\n<ul class=\"grandchild-sidebar-menu level-1 children\">\n<li class=\"page_item page-item-71301\"><a href=\"http:\/\/www.spkendustriyel.com\/?page_id=71301\">FM 200 Gazl\u0131 S\u00f6nd\u00fcrme Sistemleri<\/a><\/li>\n<li class=\"page_item page-item-71306\"><a href=\"http:\/\/www.spkendustriyel.com\/?page_id=71306\">CO2 Gazl\u0131 S\u00f6nd\u00fcrme Sistemleri<\/a><\/li>\n<li class=\"page_item page-item-71310\"><a href=\"http:\/\/www.spkendustriyel.com\/?page_id=71310\">Novec 1230 Gazl\u0131 S\u00f6nd\u00fcrme Sistemleri<\/a><\/li>\n<li class=\"page_item page-item-71315\"><a href=\"http:\/\/www.spkendustriyel.com\/?page_id=71315\">Argon Gazl\u0131 S\u00f6nd\u00fcrme Sistemleri<\/a><\/li>\n<\/ul>\n","protected":false},"excerpt":{"rendered":"<p>Gazl\u0131 S\u00f6nd\u00fcrme Sistemleri FM 200 Gazl\u0131 S\u00f6nd\u00fcrme Sistemleri CO2 Gazl\u0131 S\u00f6nd\u00fcrme Sistemleri Novec 1230 Gazl\u0131 S\u00f6nd\u00fcrme Sistemleri Argon Gazl\u0131 S\u00f6nd\u00fcrme Sistemleri<\/p>\n","protected":false},"author":1,"featured_media":71308,"parent":110,"menu_order":2,"comment_status":"closed","ping_status":"closed","template":"","meta":{"footnotes":""},"class_list":["post-122","page","type-page","status-publish","has-post-thumbnail","hentry"],"_links":{"self":[{"href":"https:\/\/spkendustriyel.com\/index.php?rest_route=\/wp\/v2\/pages\/122","targetHints":{"allow":["GET"]}}],"collection":[{"href":"https:\/\/spkendustriyel.com\/index.php?rest_route=\/wp\/v2\/pages"}],"about":[{"href":"https:\/\/spkendustriyel.com\/index.php?rest_route=\/wp\/v2\/types\/page"}],"author":[{"embeddable":true,"href":"https:\/\/spkendustriyel.com\/index.php?rest_route=\/wp\/v2\/users\/1"}],"replies":[{"embeddable":true,"href":"https:\/\/spkendustriyel.com\/index.php?rest_route=%2Fwp%2Fv2%2Fcomments&post=122"}],"version-history":[{"count":2,"href":"https:\/\/spkendustriyel.com\/index.php?rest_route=\/wp\/v2\/pages\/122\/revisions"}],"predecessor-version":[{"id":71487,"href":"https:\/\/spkendustriyel.com\/index.php?rest_route=\/wp\/v2\/pages\/122\/revisions\/71487"}],"up":[{"embeddable":true,"href":"https:\/\/spkendustriyel.com\/index.php?rest_route=\/wp\/v2\/pages\/110"}],"wp:featuredmedia":[{"embeddable":true,"href":"https:\/\/spkendustriyel.com\/index.php?rest_route=\/"}],"wp:attachment":[{"href":"https:\/\/spkendustriyel.com\/index.php?rest_route=%2Fwp%2Fv2%2Fmedia&parent=122"}],"curies":[{"name":"wp","href":"https:\/\/api.w.org\/{rel}","templated":true}]}}