{"id":71447,"date":"2017-05-08T06:59:33","date_gmt":"2017-05-08T06:59:33","guid":{"rendered":"http:\/\/www.spkyangin.com\/?page_id=71447"},"modified":"2026-03-14T23:08:54","modified_gmt":"2026-03-14T23:08:54","slug":"duman-tahliyesi","status":"publish","type":"page","link":"https:\/\/spkendustriyel.com\/?page_id=71447","title":{"rendered":"Duman Tahliyesi"},"content":{"rendered":"<p class=\"ty-mainbox-title\"><span style=\"font-size: 14px;\">Duman ve Is\u0131 Havaland\u0131rma Sistemleri Ayr\u0131ca &#8221; SHEVS &#8221; olarak bilinen Duman ve \u0131s\u0131 egzoz havaland\u0131rma sistemleri , d\u00fc\u015f\u00fck seviye ka\u00e7\u0131\u015f yollar\u0131 dumandan uzak tutulmas\u0131 i\u00e7in izin ve binaya zarar azalt\u0131c\u0131 bir binadan duman kald\u0131rmak i\u00e7in do\u011fal ya da g\u00fc\u00e7 sistemleridir . SHEVS \u00fc\u00e7 ana bile\u015fenden olu\u015fmaktad\u0131r : duman \u00e7\u0131karmak i\u00e7in gerekli egzoz fanlar ; o binada kal\u0131rken duman\u0131n yay\u0131lmas\u0131n\u0131 s\u0131n\u0131rlamak i\u00e7in gerekli engelleri , duman ; ve giri\u015f fanlar , egzoz vantilat\u00f6rleri uzakla\u015ft\u0131r\u0131ld\u0131 dumanl\u0131 havay\u0131 de\u011fi\u015ftirmek i\u00e7in taze hava sa\u011flamak i\u00e7in gerekli . Amortis\u00f6rleri ve kanal sistemi genellikle d\u00fczeni i\u00e7ine entegre edilmi\u015ftir .<\/span><\/p>\n<p>&nbsp;<\/p>\n","protected":false},"excerpt":{"rendered":"<p>Duman ve Is\u0131 Havaland\u0131rma Sistemleri Ayr\u0131ca &#8221; SHEVS &#8221; olarak bilinen Duman ve \u0131s\u0131 egzoz havaland\u0131rma sistemleri , d\u00fc\u015f\u00fck seviye ka\u00e7\u0131\u015f yollar\u0131 dumandan uzak tutulmas\u0131 i\u00e7in<span class=\"excerpt-hellip\"> [\u2026]<\/span><\/p>\n","protected":false},"author":1,"featured_media":70714,"parent":71247,"menu_order":5,"comment_status":"closed","ping_status":"closed","template":"","meta":{"footnotes":""},"class_list":["post-71447","page","type-page","status-publish","has-post-thumbnail","hentry"],"_links":{"self":[{"href":"https:\/\/spkendustriyel.com\/index.php?rest_route=\/wp\/v2\/pages\/71447","targetHints":{"allow":["GET"]}}],"collection":[{"href":"https:\/\/spkendustriyel.com\/index.php?rest_route=\/wp\/v2\/pages"}],"about":[{"href":"https:\/\/spkendustriyel.com\/index.php?rest_route=\/wp\/v2\/types\/page"}],"author":[{"embeddable":true,"href":"https:\/\/spkendustriyel.com\/index.php?rest_route=\/wp\/v2\/users\/1"}],"replies":[{"embeddable":true,"href":"https:\/\/spkendustriyel.com\/index.php?rest_route=%2Fwp%2Fv2%2Fcomments&post=71447"}],"version-history":[{"count":2,"href":"https:\/\/spkendustriyel.com\/index.php?rest_route=\/wp\/v2\/pages\/71447\/revisions"}],"predecessor-version":[{"id":71504,"href":"https:\/\/spkendustriyel.com\/index.php?rest_route=\/wp\/v2\/pages\/71447\/revisions\/71504"}],"up":[{"embeddable":true,"href":"https:\/\/spkendustriyel.com\/index.php?rest_route=\/wp\/v2\/pages\/71247"}],"wp:featuredmedia":[{"embeddable":true,"href":"https:\/\/spkendustriyel.com\/index.php?rest_route=\/"}],"wp:attachment":[{"href":"https:\/\/spkendustriyel.com\/index.php?rest_route=%2Fwp%2Fv2%2Fmedia&parent=71447"}],"curies":[{"name":"wp","href":"https:\/\/api.w.org\/{rel}","templated":true}]}}